{"id":1051,"date":"2025-11-24T19:14:34","date_gmt":"2025-11-24T19:14:34","guid":{"rendered":"https:\/\/ingenifab.com\/?post_type=product&#038;p=1051"},"modified":"2025-11-25T15:29:03","modified_gmt":"2025-11-25T15:29:03","slug":"tube-de-levage","status":"publish","type":"product","link":"https:\/\/ingenifab.com\/en\/produit\/tube-de-levage\/","title":{"rendered":"TUBE DE LEVAGE"},"content":{"rendered":"<div class=\"fusion-fullwidth fullwidth-box fusion-builder-row-1 fusion-flex-container has-pattern-background has-mask-background nonhundred-percent-fullwidth non-hundred-percent-height-scrolling\" style=\"--awb-border-radius-top-left:0px;--awb-border-radius-top-right:0px;--awb-border-radius-bottom-right:0px;--awb-border-radius-bottom-left:0px;--awb-flex-wrap:wrap;\" ><div class=\"fusion-builder-row fusion-row fusion-flex-align-items-flex-start fusion-flex-content-wrap\" style=\"max-width:1248px;margin-left: calc(-4% \/ 2 );margin-right: calc(-4% \/ 2 );\"><div class=\"fusion-layout-column fusion_builder_column fusion-builder-column-0 fusion_builder_column_1_1 1_1 fusion-flex-column\" style=\"--awb-bg-size:cover;--awb-width-large:100%;--awb-margin-top-large:0px;--awb-spacing-right-large:1.92%;--awb-margin-bottom-large:0px;--awb-spacing-left-large:1.92%;--awb-width-medium:100%;--awb-order-medium:0;--awb-spacing-right-medium:1.92%;--awb-spacing-left-medium:1.92%;--awb-width-small:100%;--awb-order-small:0;--awb-spacing-right-small:1.92%;--awb-spacing-left-small:1.92%;\"><div class=\"fusion-column-wrapper fusion-column-has-shadow fusion-flex-justify-content-flex-start fusion-content-layout-column\"><div class=\"fusion-video fusion-youtube\" style=\"--awb-max-width:600px;--awb-max-height:350px;\"><div class=\"video-shortcode\"><div class=\"fluid-width-video-wrapper\" style=\"padding-top:58.33%;\" ><iframe title=\"YouTube video player 1\" src=\"https:\/\/www.youtube.com\/embed\/OpQoh1CJ2Yg?wmode=transparent&autoplay=0\" width=\"600\" height=\"350\" allowfullscreen allow=\"autoplay; clipboard-write; encrypted-media; gyroscope; picture-in-picture;\"><\/iframe><\/div><\/div><\/div><div class=\"fusion-text fusion-text-1\"><div class=\"fusion-layout-column fusion_builder_column fusion-builder-column-1 fusion_builder_column_1_1 1_1 fusion-one-full fusion-column-first fusion-column-last\">\n<h1>TUBE DE LEVAGE<\/h1>\n<p>Simple, ergonomique et confortable \u00e0 utiliser, le\u00a0tube de levage\u00a0aide vos employ\u00e9s \u00e0\u00a0d\u00e9placer rapidement et facilement des charges jusqu\u2019\u00e0 300kg. C\u2019est l\u2019outil par excellence pour soulever et d\u00e9placer des mat\u00e9riaux poreux (mat\u00e9riaux dans des poches de plastique ou de papier, petits articles avec des surfaces lisses, bo\u00eetes de carton, chaudi\u00e8res, etc.).<\/p>\n<\/div>\n<\/div><div class=\"fusion-video fusion-youtube\" style=\"--awb-max-width:600px;--awb-max-height:350px;\"><div class=\"video-shortcode\"><div class=\"fluid-width-video-wrapper\" style=\"padding-top:58.33%;\" ><iframe title=\"YouTube video player 2\" src=\"https:\/\/www.youtube.com\/embed\/usabsL1q7nU?wmode=transparent&autoplay=0\" width=\"600\" height=\"350\" allowfullscreen allow=\"autoplay; clipboard-write; encrypted-media; gyroscope; picture-in-picture;\"><\/iframe><\/div><\/div><\/div><div class=\"fusion-text fusion-text-2\"><div class=\"fusion-layout-column fusion_builder_column fusion-builder-column-1 fusion_builder_column_1_1 1_1 fusion-one-full fusion-column-first fusion-column-last\">\n<p><strong>Avantages du produit :<\/strong><\/p>\n<ul>\n<li>Rotation des charges sans limites de direction<\/li>\n<li>Levage de produits \u00e0 presque n\u2019importe quelle hauteur<\/li>\n<li>Levage de tout type de produits, y compris les mat\u00e9riaux poreux<\/li>\n<li>Facile d\u2019entretien<\/li>\n<\/ul>\n<p><strong>Options :<\/strong><\/p>\n<ul>\n<li>Turbine<\/li>\n<\/ul>\n<p><strong>Accessoires :<\/strong><\/p>\n<ul>\n<li>Ventouse carton \u00e0 soufflets<\/li>\n<li>Poign\u00e9e de commande rallong\u00e9e, articul\u00e9e, en forme de guidon, ventouse carton \u00e0 soufflet<\/li>\n<li>Ventouse pour sacs de plastique<\/li>\n<li>Ventouse pour sacs de papier<\/li>\n<li>Ventouse d\u00e9port\u00e9e pour manutention de produits pris lat\u00e9ralement<\/li>\n<li>Prise par crochet<\/li>\n<li>Ventouse f\u00fbt (50 kg ou 250 kg)<\/li>\n<li>Ventouse f\u00fbt avec poign\u00e9e de commande \u00e0 g\u00e2chette<\/li>\n<li>Poign\u00e9e de commande rallong\u00e9e (ventouses r\u00e9tractables)<\/li>\n<li>Poign\u00e9e de commande rallong\u00e9e<\/li>\n<li>Retourneur de panneaux<\/li>\n<li>Ventouse couple doubleur<\/li>\n<\/ul>\n<p><strong>Produits similaires :<\/strong><\/p>\n<ul>\n<li>Palonnier \u00e0 ventouses<\/li>\n<\/ul>\n<\/div>\n<\/div><div class=\"fusion-video fusion-youtube\" style=\"--awb-max-width:600px;--awb-max-height:350px;\"><div class=\"video-shortcode\"><div class=\"fluid-width-video-wrapper\" style=\"padding-top:58.33%;\" ><iframe title=\"YouTube video player 3\" src=\"https:\/\/www.youtube.com\/embed\/cNHedTIuRmg?wmode=transparent&autoplay=0\" width=\"600\" height=\"350\" allowfullscreen allow=\"autoplay; clipboard-write; encrypted-media; gyroscope; picture-in-picture;\"><\/iframe><\/div><\/div><\/div><\/div><\/div><\/div><\/div>\n","protected":false},"excerpt":{"rendered":"","protected":false},"featured_media":1067,"template":"","meta":{"inline_featured_image":false},"product_brand":[],"product_cat":[39],"product_tag":[],"class_list":{"0":"post-1051","1":"product","2":"type-product","3":"status-publish","4":"has-post-thumbnail","6":"product_cat-palonniers-a-ventouses","8":"first","9":"instock","10":"shipping-taxable","11":"product-type-external"},"yoast_head":"<!-- This site is optimized with the Yoast SEO plugin v26.6 - https:\/\/yoast.com\/wordpress\/plugins\/seo\/ -->\n<title>TUBE DE LEVAGE - Ingenifab<\/title>\n<meta name=\"robots\" content=\"index, follow, max-snippet:-1, max-image-preview:large, max-video-preview:-1\" \/>\n<link rel=\"canonical\" href=\"https:\/\/ingenifab.com\/en\/produit\/tube-de-levage\/\" \/>\n<meta property=\"og:locale\" content=\"en_US\" \/>\n<meta property=\"og:type\" content=\"article\" \/>\n<meta property=\"og:title\" content=\"TUBE DE LEVAGE - Ingenifab\" \/>\n<meta property=\"og:url\" content=\"https:\/\/ingenifab.com\/en\/produit\/tube-de-levage\/\" \/>\n<meta property=\"og:site_name\" content=\"Ingenifab\" \/>\n<meta property=\"article:modified_time\" content=\"2025-11-25T15:29:03+00:00\" \/>\n<meta property=\"og:image\" content=\"https:\/\/ingenifab.com\/wp-content\/uploads\/2025\/11\/Untitled-design.png\" \/>\n\t<meta property=\"og:image:width\" content=\"1200\" \/>\n\t<meta property=\"og:image:height\" content=\"450\" \/>\n\t<meta property=\"og:image:type\" content=\"image\/png\" \/>\n<meta name=\"twitter:card\" content=\"summary_large_image\" \/>\n<meta name=\"twitter:label1\" content=\"Est. reading time\" \/>\n\t<meta name=\"twitter:data1\" content=\"2 minutes\" \/>\n<script type=\"application\/ld+json\" class=\"yoast-schema-graph\">{\"@context\":\"https:\/\/schema.org\",\"@graph\":[{\"@type\":\"WebPage\",\"@id\":\"https:\/\/ingenifab.com\/en\/produit\/tube-de-levage\/\",\"url\":\"https:\/\/ingenifab.com\/en\/produit\/tube-de-levage\/\",\"name\":\"TUBE DE LEVAGE - Ingenifab\",\"isPartOf\":{\"@id\":\"https:\/\/ingenifab.com\/en\/#website\"},\"primaryImageOfPage\":{\"@id\":\"https:\/\/ingenifab.com\/en\/produit\/tube-de-levage\/#primaryimage\"},\"image\":{\"@id\":\"https:\/\/ingenifab.com\/en\/produit\/tube-de-levage\/#primaryimage\"},\"thumbnailUrl\":\"https:\/\/ingenifab.com\/wp-content\/uploads\/2025\/11\/Untitled-design.png\",\"datePublished\":\"2025-11-24T19:14:34+00:00\",\"dateModified\":\"2025-11-25T15:29:03+00:00\",\"breadcrumb\":{\"@id\":\"https:\/\/ingenifab.com\/en\/produit\/tube-de-levage\/#breadcrumb\"},\"inLanguage\":\"en-US\",\"potentialAction\":[{\"@type\":\"ReadAction\",\"target\":[\"https:\/\/ingenifab.com\/en\/produit\/tube-de-levage\/\"]}]},{\"@type\":\"ImageObject\",\"inLanguage\":\"en-US\",\"@id\":\"https:\/\/ingenifab.com\/en\/produit\/tube-de-levage\/#primaryimage\",\"url\":\"https:\/\/ingenifab.com\/wp-content\/uploads\/2025\/11\/Untitled-design.png\",\"contentUrl\":\"https:\/\/ingenifab.com\/wp-content\/uploads\/2025\/11\/Untitled-design.png\",\"width\":1200,\"height\":450},{\"@type\":\"BreadcrumbList\",\"@id\":\"https:\/\/ingenifab.com\/en\/produit\/tube-de-levage\/#breadcrumb\",\"itemListElement\":[{\"@type\":\"ListItem\",\"position\":1,\"name\":\"Accueil\",\"item\":\"https:\/\/ingenifab.com\/en\/home\/\"},{\"@type\":\"ListItem\",\"position\":2,\"name\":\"Boutique\",\"item\":\"https:\/\/ingenifab.com\/?page_id=438\"},{\"@type\":\"ListItem\",\"position\":3,\"name\":\"TUBE DE LEVAGE\"}]},{\"@type\":\"WebSite\",\"@id\":\"https:\/\/ingenifab.com\/en\/#website\",\"url\":\"https:\/\/ingenifab.com\/en\/\",\"name\":\"Ingenifab\",\"description\":\"\",\"potentialAction\":[{\"@type\":\"SearchAction\",\"target\":{\"@type\":\"EntryPoint\",\"urlTemplate\":\"https:\/\/ingenifab.com\/en\/?s={search_term_string}\"},\"query-input\":{\"@type\":\"PropertyValueSpecification\",\"valueRequired\":true,\"valueName\":\"search_term_string\"}}],\"inLanguage\":\"en-US\"}]}<\/script>\n<!-- \/ Yoast SEO plugin. -->","yoast_head_json":{"title":"TUBE DE LEVAGE - Ingenifab","robots":{"index":"index","follow":"follow","max-snippet":"max-snippet:-1","max-image-preview":"max-image-preview:large","max-video-preview":"max-video-preview:-1"},"canonical":"https:\/\/ingenifab.com\/en\/produit\/tube-de-levage\/","og_locale":"en_US","og_type":"article","og_title":"TUBE DE LEVAGE - Ingenifab","og_url":"https:\/\/ingenifab.com\/en\/produit\/tube-de-levage\/","og_site_name":"Ingenifab","article_modified_time":"2025-11-25T15:29:03+00:00","og_image":[{"width":1200,"height":450,"url":"https:\/\/ingenifab.com\/wp-content\/uploads\/2025\/11\/Untitled-design.png","type":"image\/png"}],"twitter_card":"summary_large_image","twitter_misc":{"Est. reading time":"2 minutes"},"schema":{"@context":"https:\/\/schema.org","@graph":[{"@type":"WebPage","@id":"https:\/\/ingenifab.com\/en\/produit\/tube-de-levage\/","url":"https:\/\/ingenifab.com\/en\/produit\/tube-de-levage\/","name":"TUBE DE LEVAGE - Ingenifab","isPartOf":{"@id":"https:\/\/ingenifab.com\/en\/#website"},"primaryImageOfPage":{"@id":"https:\/\/ingenifab.com\/en\/produit\/tube-de-levage\/#primaryimage"},"image":{"@id":"https:\/\/ingenifab.com\/en\/produit\/tube-de-levage\/#primaryimage"},"thumbnailUrl":"https:\/\/ingenifab.com\/wp-content\/uploads\/2025\/11\/Untitled-design.png","datePublished":"2025-11-24T19:14:34+00:00","dateModified":"2025-11-25T15:29:03+00:00","breadcrumb":{"@id":"https:\/\/ingenifab.com\/en\/produit\/tube-de-levage\/#breadcrumb"},"inLanguage":"en-US","potentialAction":[{"@type":"ReadAction","target":["https:\/\/ingenifab.com\/en\/produit\/tube-de-levage\/"]}]},{"@type":"ImageObject","inLanguage":"en-US","@id":"https:\/\/ingenifab.com\/en\/produit\/tube-de-levage\/#primaryimage","url":"https:\/\/ingenifab.com\/wp-content\/uploads\/2025\/11\/Untitled-design.png","contentUrl":"https:\/\/ingenifab.com\/wp-content\/uploads\/2025\/11\/Untitled-design.png","width":1200,"height":450},{"@type":"BreadcrumbList","@id":"https:\/\/ingenifab.com\/en\/produit\/tube-de-levage\/#breadcrumb","itemListElement":[{"@type":"ListItem","position":1,"name":"Accueil","item":"https:\/\/ingenifab.com\/en\/home\/"},{"@type":"ListItem","position":2,"name":"Boutique","item":"https:\/\/ingenifab.com\/?page_id=438"},{"@type":"ListItem","position":3,"name":"TUBE DE LEVAGE"}]},{"@type":"WebSite","@id":"https:\/\/ingenifab.com\/en\/#website","url":"https:\/\/ingenifab.com\/en\/","name":"Ingenifab","description":"","potentialAction":[{"@type":"SearchAction","target":{"@type":"EntryPoint","urlTemplate":"https:\/\/ingenifab.com\/en\/?s={search_term_string}"},"query-input":{"@type":"PropertyValueSpecification","valueRequired":true,"valueName":"search_term_string"}}],"inLanguage":"en-US"}]}},"_links":{"self":[{"href":"https:\/\/ingenifab.com\/en\/wp-json\/wp\/v2\/product\/1051","targetHints":{"allow":["GET"]}}],"collection":[{"href":"https:\/\/ingenifab.com\/en\/wp-json\/wp\/v2\/product"}],"about":[{"href":"https:\/\/ingenifab.com\/en\/wp-json\/wp\/v2\/types\/product"}],"wp:featuredmedia":[{"embeddable":true,"href":"https:\/\/ingenifab.com\/en\/wp-json\/wp\/v2\/media\/1067"}],"wp:attachment":[{"href":"https:\/\/ingenifab.com\/en\/wp-json\/wp\/v2\/media?parent=1051"}],"wp:term":[{"taxonomy":"product_brand","embeddable":true,"href":"https:\/\/ingenifab.com\/en\/wp-json\/wp\/v2\/product_brand?post=1051"},{"taxonomy":"product_cat","embeddable":true,"href":"https:\/\/ingenifab.com\/en\/wp-json\/wp\/v2\/product_cat?post=1051"},{"taxonomy":"product_tag","embeddable":true,"href":"https:\/\/ingenifab.com\/en\/wp-json\/wp\/v2\/product_tag?post=1051"}],"curies":[{"name":"wp","href":"https:\/\/api.w.org\/{rel}","templated":true}]}}