{"id":1107,"date":"2025-11-30T23:54:10","date_gmt":"2025-11-30T23:54:10","guid":{"rendered":"https:\/\/ingenifab.com\/?post_type=product&#038;p=1107"},"modified":"2025-12-01T01:31:32","modified_gmt":"2025-12-01T01:31:32","slug":"spreader-beam","status":"publish","type":"product","link":"https:\/\/ingenifab.com\/en\/produit\/spreader-beam\/","title":{"rendered":"SPREADER BEAM"},"content":{"rendered":"<div class=\"fusion-fullwidth fullwidth-box fusion-builder-row-1 fusion-flex-container has-pattern-background has-mask-background nonhundred-percent-fullwidth non-hundred-percent-height-scrolling\" style=\"--awb-border-radius-top-left:0px;--awb-border-radius-top-right:0px;--awb-border-radius-bottom-right:0px;--awb-border-radius-bottom-left:0px;--awb-flex-wrap:wrap;\" ><div class=\"fusion-builder-row fusion-row fusion-flex-align-items-flex-start fusion-flex-content-wrap\" style=\"max-width:1248px;margin-left: calc(-4% \/ 2 );margin-right: calc(-4% \/ 2 );\"><div class=\"fusion-layout-column fusion_builder_column fusion-builder-column-0 fusion_builder_column_1_1 1_1 fusion-flex-column\" style=\"--awb-bg-size:cover;--awb-width-large:100%;--awb-margin-top-large:0px;--awb-spacing-right-large:1.92%;--awb-margin-bottom-large:0px;--awb-spacing-left-large:1.92%;--awb-width-medium:100%;--awb-order-medium:0;--awb-spacing-right-medium:1.92%;--awb-spacing-left-medium:1.92%;--awb-width-small:100%;--awb-order-small:0;--awb-spacing-right-small:1.92%;--awb-spacing-left-small:1.92%;\"><div class=\"fusion-column-wrapper fusion-column-has-shadow fusion-flex-justify-content-flex-start fusion-content-layout-column\"><div class=\"fusion-text fusion-text-1\"><h2>SPREADER BEAM<\/h2>\n<p>Spreader beams are mainly used to handle large objects. They allow the load to be grasped by the ends and thus to distribute the forces, avoiding the sway that would be caused by a one chain.<\/p>\n<p><strong>Product Advantages :<\/strong><\/p>\n<ul>\n<li>Robust system<\/li>\n<li>Configuration designed to maximize lifting capacity<\/li>\n<li>Structure permettant d\u2019\u00e9viter le frottement des cha\u00eenes contre les mat\u00e9riaux d\u00e9plac\u00e9s<\/li>\n<\/ul>\n<p><strong>Options :<\/strong><\/p>\n<ul>\n<li>Adjustable length and width<\/li>\n<li>Palonnier \u00e0 faible encombrement<\/li>\n<li>Aluminum or stainless steel<\/li>\n<li>Custom manufacturing<\/li>\n<\/ul>\n<div class=\"fusion-layout-column fusion_builder_column fusion-builder-column-2 fusion_builder_column_2_3 2_3 fusion-two-third fusion-column-first\">\n<div class=\"fusion-column-wrapper fusion-flex-column-wrapper-legacy\">\n<div class=\"fusion-builder-row fusion-builder-row-inner fusion-row\">\n<div class=\"fusion-layout-column fusion_builder_column_inner fusion-builder-nested-column-1 fusion_builder_column_inner_1_2 1_2 fusion-one-half fusion-column-last\">\n<div class=\"fusion-column-wrapper fusion-flex-column-wrapper-legacy\">\n<div class=\"fusion-text fusion-text-4\">\n<p><strong>Accessories :<\/strong><\/p>\n<ul>\n<li>Chains, shackles<\/li>\n<\/ul>\n<p><strong>Similar Products :<\/strong><\/p>\n<ul>\n<li>Sheet handler<\/li>\n<\/ul>\n<\/div>\n<\/div>\n<\/div>\n<\/div>\n<\/div>\n<\/div>\n<\/div><\/div><\/div><\/div><\/div>\n","protected":false},"excerpt":{"rendered":"","protected":false},"featured_media":1119,"template":"","meta":{"inline_featured_image":false},"product_brand":[],"product_cat":[42],"product_tag":[],"class_list":{"0":"post-1107","1":"product","2":"type-product","3":"status-publish","4":"has-post-thumbnail","6":"product_cat-manipulators-and-lifters","8":"first","9":"instock","10":"shipping-taxable","11":"product-type-external"},"yoast_head":"<!-- This site is optimized with the Yoast SEO plugin v26.6 - https:\/\/yoast.com\/wordpress\/plugins\/seo\/ -->\n<title>SPREADER BEAM - Ingenifab<\/title>\n<meta name=\"robots\" content=\"index, follow, max-snippet:-1, max-image-preview:large, max-video-preview:-1\" \/>\n<link rel=\"canonical\" href=\"https:\/\/ingenifab.com\/en\/produit\/spreader-beam\/\" \/>\n<meta property=\"og:locale\" content=\"en_US\" \/>\n<meta property=\"og:type\" content=\"article\" \/>\n<meta property=\"og:title\" content=\"SPREADER BEAM - Ingenifab\" \/>\n<meta property=\"og:url\" content=\"https:\/\/ingenifab.com\/en\/produit\/spreader-beam\/\" \/>\n<meta property=\"og:site_name\" content=\"Ingenifab\" \/>\n<meta property=\"article:modified_time\" content=\"2025-12-01T01:31:32+00:00\" \/>\n<meta property=\"og:image\" content=\"https:\/\/ingenifab.com\/wp-content\/uploads\/2025\/11\/SMAK-PoutreLevage01-1024x576-1.jpg\" \/>\n\t<meta property=\"og:image:width\" content=\"1024\" \/>\n\t<meta property=\"og:image:height\" content=\"576\" \/>\n\t<meta property=\"og:image:type\" content=\"image\/jpeg\" \/>\n<meta name=\"twitter:card\" content=\"summary_large_image\" \/>\n<meta name=\"twitter:label1\" content=\"Est. reading time\" \/>\n\t<meta name=\"twitter:data1\" content=\"1 minute\" \/>\n<script type=\"application\/ld+json\" class=\"yoast-schema-graph\">{\"@context\":\"https:\/\/schema.org\",\"@graph\":[{\"@type\":\"WebPage\",\"@id\":\"https:\/\/ingenifab.com\/en\/produit\/spreader-beam\/\",\"url\":\"https:\/\/ingenifab.com\/en\/produit\/spreader-beam\/\",\"name\":\"SPREADER BEAM - Ingenifab\",\"isPartOf\":{\"@id\":\"https:\/\/ingenifab.com\/en\/#website\"},\"primaryImageOfPage\":{\"@id\":\"https:\/\/ingenifab.com\/en\/produit\/spreader-beam\/#primaryimage\"},\"image\":{\"@id\":\"https:\/\/ingenifab.com\/en\/produit\/spreader-beam\/#primaryimage\"},\"thumbnailUrl\":\"https:\/\/ingenifab.com\/wp-content\/uploads\/2025\/11\/SMAK-PoutreLevage01-1024x576-1.jpg\",\"datePublished\":\"2025-11-30T23:54:10+00:00\",\"dateModified\":\"2025-12-01T01:31:32+00:00\",\"breadcrumb\":{\"@id\":\"https:\/\/ingenifab.com\/en\/produit\/spreader-beam\/#breadcrumb\"},\"inLanguage\":\"en-US\",\"potentialAction\":[{\"@type\":\"ReadAction\",\"target\":[\"https:\/\/ingenifab.com\/en\/produit\/spreader-beam\/\"]}]},{\"@type\":\"ImageObject\",\"inLanguage\":\"en-US\",\"@id\":\"https:\/\/ingenifab.com\/en\/produit\/spreader-beam\/#primaryimage\",\"url\":\"https:\/\/ingenifab.com\/wp-content\/uploads\/2025\/11\/SMAK-PoutreLevage01-1024x576-1.jpg\",\"contentUrl\":\"https:\/\/ingenifab.com\/wp-content\/uploads\/2025\/11\/SMAK-PoutreLevage01-1024x576-1.jpg\",\"width\":1024,\"height\":576},{\"@type\":\"BreadcrumbList\",\"@id\":\"https:\/\/ingenifab.com\/en\/produit\/spreader-beam\/#breadcrumb\",\"itemListElement\":[{\"@type\":\"ListItem\",\"position\":1,\"name\":\"Accueil\",\"item\":\"https:\/\/ingenifab.com\/en\/home\/\"},{\"@type\":\"ListItem\",\"position\":2,\"name\":\"Boutique\",\"item\":\"https:\/\/ingenifab.com\/?page_id=438\"},{\"@type\":\"ListItem\",\"position\":3,\"name\":\"SPREADER BEAM\"}]},{\"@type\":\"WebSite\",\"@id\":\"https:\/\/ingenifab.com\/en\/#website\",\"url\":\"https:\/\/ingenifab.com\/en\/\",\"name\":\"Ingenifab\",\"description\":\"\",\"potentialAction\":[{\"@type\":\"SearchAction\",\"target\":{\"@type\":\"EntryPoint\",\"urlTemplate\":\"https:\/\/ingenifab.com\/en\/?s={search_term_string}\"},\"query-input\":{\"@type\":\"PropertyValueSpecification\",\"valueRequired\":true,\"valueName\":\"search_term_string\"}}],\"inLanguage\":\"en-US\"}]}<\/script>\n<!-- \/ Yoast SEO plugin. -->","yoast_head_json":{"title":"SPREADER BEAM - Ingenifab","robots":{"index":"index","follow":"follow","max-snippet":"max-snippet:-1","max-image-preview":"max-image-preview:large","max-video-preview":"max-video-preview:-1"},"canonical":"https:\/\/ingenifab.com\/en\/produit\/spreader-beam\/","og_locale":"en_US","og_type":"article","og_title":"SPREADER BEAM - Ingenifab","og_url":"https:\/\/ingenifab.com\/en\/produit\/spreader-beam\/","og_site_name":"Ingenifab","article_modified_time":"2025-12-01T01:31:32+00:00","og_image":[{"width":1024,"height":576,"url":"https:\/\/ingenifab.com\/wp-content\/uploads\/2025\/11\/SMAK-PoutreLevage01-1024x576-1.jpg","type":"image\/jpeg"}],"twitter_card":"summary_large_image","twitter_misc":{"Est. reading time":"1 minute"},"schema":{"@context":"https:\/\/schema.org","@graph":[{"@type":"WebPage","@id":"https:\/\/ingenifab.com\/en\/produit\/spreader-beam\/","url":"https:\/\/ingenifab.com\/en\/produit\/spreader-beam\/","name":"SPREADER BEAM - Ingenifab","isPartOf":{"@id":"https:\/\/ingenifab.com\/en\/#website"},"primaryImageOfPage":{"@id":"https:\/\/ingenifab.com\/en\/produit\/spreader-beam\/#primaryimage"},"image":{"@id":"https:\/\/ingenifab.com\/en\/produit\/spreader-beam\/#primaryimage"},"thumbnailUrl":"https:\/\/ingenifab.com\/wp-content\/uploads\/2025\/11\/SMAK-PoutreLevage01-1024x576-1.jpg","datePublished":"2025-11-30T23:54:10+00:00","dateModified":"2025-12-01T01:31:32+00:00","breadcrumb":{"@id":"https:\/\/ingenifab.com\/en\/produit\/spreader-beam\/#breadcrumb"},"inLanguage":"en-US","potentialAction":[{"@type":"ReadAction","target":["https:\/\/ingenifab.com\/en\/produit\/spreader-beam\/"]}]},{"@type":"ImageObject","inLanguage":"en-US","@id":"https:\/\/ingenifab.com\/en\/produit\/spreader-beam\/#primaryimage","url":"https:\/\/ingenifab.com\/wp-content\/uploads\/2025\/11\/SMAK-PoutreLevage01-1024x576-1.jpg","contentUrl":"https:\/\/ingenifab.com\/wp-content\/uploads\/2025\/11\/SMAK-PoutreLevage01-1024x576-1.jpg","width":1024,"height":576},{"@type":"BreadcrumbList","@id":"https:\/\/ingenifab.com\/en\/produit\/spreader-beam\/#breadcrumb","itemListElement":[{"@type":"ListItem","position":1,"name":"Accueil","item":"https:\/\/ingenifab.com\/en\/home\/"},{"@type":"ListItem","position":2,"name":"Boutique","item":"https:\/\/ingenifab.com\/?page_id=438"},{"@type":"ListItem","position":3,"name":"SPREADER BEAM"}]},{"@type":"WebSite","@id":"https:\/\/ingenifab.com\/en\/#website","url":"https:\/\/ingenifab.com\/en\/","name":"Ingenifab","description":"","potentialAction":[{"@type":"SearchAction","target":{"@type":"EntryPoint","urlTemplate":"https:\/\/ingenifab.com\/en\/?s={search_term_string}"},"query-input":{"@type":"PropertyValueSpecification","valueRequired":true,"valueName":"search_term_string"}}],"inLanguage":"en-US"}]}},"_links":{"self":[{"href":"https:\/\/ingenifab.com\/en\/wp-json\/wp\/v2\/product\/1107","targetHints":{"allow":["GET"]}}],"collection":[{"href":"https:\/\/ingenifab.com\/en\/wp-json\/wp\/v2\/product"}],"about":[{"href":"https:\/\/ingenifab.com\/en\/wp-json\/wp\/v2\/types\/product"}],"wp:featuredmedia":[{"embeddable":true,"href":"https:\/\/ingenifab.com\/en\/wp-json\/wp\/v2\/media\/1119"}],"wp:attachment":[{"href":"https:\/\/ingenifab.com\/en\/wp-json\/wp\/v2\/media?parent=1107"}],"wp:term":[{"taxonomy":"product_brand","embeddable":true,"href":"https:\/\/ingenifab.com\/en\/wp-json\/wp\/v2\/product_brand?post=1107"},{"taxonomy":"product_cat","embeddable":true,"href":"https:\/\/ingenifab.com\/en\/wp-json\/wp\/v2\/product_cat?post=1107"},{"taxonomy":"product_tag","embeddable":true,"href":"https:\/\/ingenifab.com\/en\/wp-json\/wp\/v2\/product_tag?post=1107"}],"curies":[{"name":"wp","href":"https:\/\/api.w.org\/{rel}","templated":true}]}}