{"id":864,"date":"2025-11-15T20:37:43","date_gmt":"2025-11-15T20:37:43","guid":{"rendered":"https:\/\/ingenifab.com\/?post_type=product&#038;p=864"},"modified":"2025-11-15T20:59:13","modified_gmt":"2025-11-15T20:59:13","slug":"pont-roulant-suspendu","status":"publish","type":"product","link":"https:\/\/ingenifab.com\/en\/produit\/pont-roulant-suspendu\/","title":{"rendered":"PONT ROULANT SUSPENDU"},"content":{"rendered":"<div class=\"fusion-fullwidth fullwidth-box fusion-builder-row-1 fusion-flex-container nonhundred-percent-fullwidth non-hundred-percent-height-scrolling\" style=\"--awb-border-radius-top-left:0px;--awb-border-radius-top-right:0px;--awb-border-radius-bottom-right:0px;--awb-border-radius-bottom-left:0px;--awb-flex-wrap:wrap;\" ><div class=\"fusion-builder-row fusion-row fusion-flex-align-items-flex-start fusion-flex-content-wrap\" style=\"max-width:1248px;margin-left: calc(-4% \/ 2 );margin-right: calc(-4% \/ 2 );\"><div class=\"fusion-layout-column fusion_builder_column fusion-builder-column-0 fusion_builder_column_1_1 1_1 fusion-flex-column\" style=\"--awb-bg-blend:overlay;--awb-bg-size:cover;--awb-width-large:100%;--awb-margin-top-large:0px;--awb-spacing-right-large:1.92%;--awb-margin-bottom-large:0px;--awb-spacing-left-large:1.92%;--awb-width-medium:100%;--awb-spacing-right-medium:1.92%;--awb-spacing-left-medium:1.92%;--awb-width-small:100%;--awb-spacing-right-small:1.92%;--awb-spacing-left-small:1.92%;\"><div class=\"fusion-column-wrapper fusion-flex-justify-content-flex-start fusion-content-layout-column\"><div class=\"fusion-text fusion-text-1\"><div class=\"fusion-layout-column fusion_builder_column fusion-builder-column-1 fusion_builder_column_1_1 1_1 fusion-one-full fusion-column-first fusion-column-last\">\n<div class=\"fusion-column-wrapper fusion-flex-column-wrapper-legacy\">\n<h1 class=\"fusion-text fusion-text-1\"><strong>PONT ROULANT SUSPENDU<\/strong><\/h1>\n<\/div>\n<\/div>\n<p>Les\u00a0<strong>ponts roulants suspendus<\/strong>\u00a0sont utiles pour d\u00e9placer des charges dans une zone o\u00f9 l\u2019espace au sol est limit\u00e9. Puisqu\u2019ils sont directement mont\u00e9s au plafond et qu\u2019aucune colonne de support n\u2019est n\u00e9cessaire, ces ponts laissent les planchers de travail libres de toute obstruction. Ils sont fr\u00e9quemment utilis\u00e9s pour des cha\u00eenes de production ainsi que des postes d\u2019assemblage ou de fabrication.<\/p>\n<p>La structure du b\u00e2timent doit \u00eatre con\u00e7ue pour supporter une charge suspendue.<\/p>\n<h2><strong>Avantages du produit :<\/strong><\/h2>\n<ul>\n<li>Conception robuste<\/li>\n<li>Ergonomique<\/li>\n<li>Modulaire et adaptable (peut \u00eatre rallong\u00e9 ou d\u00e9plac\u00e9 facilement)<\/li>\n<li>Facile d\u2019installation<\/li>\n<li>Capacit\u00e9 pouvant atteindre 2000 kg<\/li>\n<li>Convient aux environnements difficiles<\/li>\n<li>Haute r\u00e9sistance \u00e0 la corrosion<\/li>\n<\/ul>\n<h2><strong>Options :<\/strong><\/h2>\n<ul>\n<li>D\u00e9placement manuel ou \u00e9lectrique<\/li>\n<li>Acier inoxydable<\/li>\n<li>Pont t\u00e9lescopique<\/li>\n<li>Peinture approuv\u00e9e alimentaire (NSF-51)<\/li>\n<\/ul>\n<h2><strong>Accessoires :<\/strong><\/h2>\n<ul>\n<li>Palan \u00e9lectrique ou pneumatique<\/li>\n<li>Tube de levage<\/li>\n<li>Palonnier \u00e0 ventouse<\/li>\n<li>Aimant<\/li>\n<li>Poutre de levage<\/li>\n<\/ul>\n<h2><strong>Produits similaires :<\/strong><\/h2>\n<ul>\n<li>Pont roulant suspendu<\/li>\n<li>Pont roulant en aluminium<\/li>\n<li>Pont roulant en acier inoxydable<\/li>\n<li>Monorail<\/li>\n<\/ul>\n<\/div><div class=\"fusion-video fusion-youtube\" style=\"--awb-max-width:600px;--awb-max-height:350px;--awb-align-self:center;--awb-width:100%;\"><div class=\"video-shortcode\"><div class=\"fluid-width-video-wrapper\" style=\"padding-top:58.33%;\" ><iframe title=\"YouTube video player 1\" src=\"https:\/\/www.youtube.com\/embed\/x4bpmv0ZGk0?wmode=transparent&autoplay=0\" width=\"600\" height=\"350\" allowfullscreen allow=\"autoplay; clipboard-write; encrypted-media; gyroscope; picture-in-picture;\"><\/iframe><\/div><\/div><\/div><div class=\"fusion-video fusion-youtube\" style=\"--awb-max-width:600px;--awb-max-height:350px;--awb-align-self:center;--awb-width:100%;\"><div class=\"video-shortcode\"><div class=\"fluid-width-video-wrapper\" style=\"padding-top:58.33%;\" ><iframe title=\"YouTube video player 2\" src=\"https:\/\/www.youtube.com\/embed\/4HJVMhWVOv0?wmode=transparent&autoplay=0\" width=\"600\" height=\"350\" allowfullscreen allow=\"autoplay; clipboard-write; encrypted-media; gyroscope; picture-in-picture;\"><\/iframe><\/div><\/div><\/div><\/div><\/div><\/div><\/div>\n","protected":false},"excerpt":{"rendered":"","protected":false},"featured_media":870,"template":"","meta":{"inline_featured_image":false},"product_brand":[],"product_cat":[33],"product_tag":[],"class_list":{"0":"post-864","1":"product","2":"type-product","3":"status-publish","4":"has-post-thumbnail","6":"product_cat-pont-roulant","8":"first","9":"instock","10":"shipping-taxable","11":"product-type-external"},"yoast_head":"<!-- This site is optimized with the Yoast SEO plugin v26.6 - https:\/\/yoast.com\/wordpress\/plugins\/seo\/ -->\n<title>PONT ROULANT SUSPENDU - Ingenifab<\/title>\n<meta name=\"robots\" content=\"index, follow, max-snippet:-1, max-image-preview:large, max-video-preview:-1\" \/>\n<link rel=\"canonical\" href=\"https:\/\/ingenifab.com\/en\/produit\/pont-roulant-suspendu\/\" \/>\n<meta property=\"og:locale\" content=\"en_US\" \/>\n<meta property=\"og:type\" content=\"article\" \/>\n<meta property=\"og:title\" content=\"PONT ROULANT SUSPENDU - Ingenifab\" \/>\n<meta property=\"og:url\" content=\"https:\/\/ingenifab.com\/en\/produit\/pont-roulant-suspendu\/\" \/>\n<meta property=\"og:site_name\" content=\"Ingenifab\" \/>\n<meta property=\"article:modified_time\" content=\"2025-11-15T20:59:13+00:00\" \/>\n<meta property=\"og:image\" content=\"https:\/\/ingenifab.com\/wp-content\/uploads\/2025\/11\/Ceiling-mounted-crane-Niko-Pont-suspendu-Niko-12.jpeg\" \/>\n\t<meta property=\"og:image:width\" content=\"2048\" \/>\n\t<meta property=\"og:image:height\" content=\"1536\" \/>\n\t<meta property=\"og:image:type\" content=\"image\/jpeg\" \/>\n<meta name=\"twitter:card\" content=\"summary_large_image\" \/>\n<meta name=\"twitter:label1\" content=\"Est. reading time\" \/>\n\t<meta name=\"twitter:data1\" content=\"1 minute\" \/>\n<script type=\"application\/ld+json\" class=\"yoast-schema-graph\">{\"@context\":\"https:\/\/schema.org\",\"@graph\":[{\"@type\":\"WebPage\",\"@id\":\"https:\/\/ingenifab.com\/en\/produit\/pont-roulant-suspendu\/\",\"url\":\"https:\/\/ingenifab.com\/en\/produit\/pont-roulant-suspendu\/\",\"name\":\"PONT ROULANT SUSPENDU - Ingenifab\",\"isPartOf\":{\"@id\":\"https:\/\/ingenifab.com\/en\/#website\"},\"primaryImageOfPage\":{\"@id\":\"https:\/\/ingenifab.com\/en\/produit\/pont-roulant-suspendu\/#primaryimage\"},\"image\":{\"@id\":\"https:\/\/ingenifab.com\/en\/produit\/pont-roulant-suspendu\/#primaryimage\"},\"thumbnailUrl\":\"https:\/\/ingenifab.com\/wp-content\/uploads\/2025\/11\/Ceiling-mounted-crane-Niko-Pont-suspendu-Niko-12.jpeg\",\"datePublished\":\"2025-11-15T20:37:43+00:00\",\"dateModified\":\"2025-11-15T20:59:13+00:00\",\"breadcrumb\":{\"@id\":\"https:\/\/ingenifab.com\/en\/produit\/pont-roulant-suspendu\/#breadcrumb\"},\"inLanguage\":\"en-US\",\"potentialAction\":[{\"@type\":\"ReadAction\",\"target\":[\"https:\/\/ingenifab.com\/en\/produit\/pont-roulant-suspendu\/\"]}]},{\"@type\":\"ImageObject\",\"inLanguage\":\"en-US\",\"@id\":\"https:\/\/ingenifab.com\/en\/produit\/pont-roulant-suspendu\/#primaryimage\",\"url\":\"https:\/\/ingenifab.com\/wp-content\/uploads\/2025\/11\/Ceiling-mounted-crane-Niko-Pont-suspendu-Niko-12.jpeg\",\"contentUrl\":\"https:\/\/ingenifab.com\/wp-content\/uploads\/2025\/11\/Ceiling-mounted-crane-Niko-Pont-suspendu-Niko-12.jpeg\",\"width\":2048,\"height\":1536},{\"@type\":\"BreadcrumbList\",\"@id\":\"https:\/\/ingenifab.com\/en\/produit\/pont-roulant-suspendu\/#breadcrumb\",\"itemListElement\":[{\"@type\":\"ListItem\",\"position\":1,\"name\":\"Accueil\",\"item\":\"https:\/\/ingenifab.com\/en\/home\/\"},{\"@type\":\"ListItem\",\"position\":2,\"name\":\"Boutique\",\"item\":\"https:\/\/ingenifab.com\/?page_id=438\"},{\"@type\":\"ListItem\",\"position\":3,\"name\":\"PONT ROULANT SUSPENDU\"}]},{\"@type\":\"WebSite\",\"@id\":\"https:\/\/ingenifab.com\/en\/#website\",\"url\":\"https:\/\/ingenifab.com\/en\/\",\"name\":\"Ingenifab\",\"description\":\"\",\"potentialAction\":[{\"@type\":\"SearchAction\",\"target\":{\"@type\":\"EntryPoint\",\"urlTemplate\":\"https:\/\/ingenifab.com\/en\/?s={search_term_string}\"},\"query-input\":{\"@type\":\"PropertyValueSpecification\",\"valueRequired\":true,\"valueName\":\"search_term_string\"}}],\"inLanguage\":\"en-US\"}]}<\/script>\n<!-- \/ Yoast SEO plugin. -->","yoast_head_json":{"title":"PONT ROULANT SUSPENDU - Ingenifab","robots":{"index":"index","follow":"follow","max-snippet":"max-snippet:-1","max-image-preview":"max-image-preview:large","max-video-preview":"max-video-preview:-1"},"canonical":"https:\/\/ingenifab.com\/en\/produit\/pont-roulant-suspendu\/","og_locale":"en_US","og_type":"article","og_title":"PONT ROULANT SUSPENDU - Ingenifab","og_url":"https:\/\/ingenifab.com\/en\/produit\/pont-roulant-suspendu\/","og_site_name":"Ingenifab","article_modified_time":"2025-11-15T20:59:13+00:00","og_image":[{"width":2048,"height":1536,"url":"https:\/\/ingenifab.com\/wp-content\/uploads\/2025\/11\/Ceiling-mounted-crane-Niko-Pont-suspendu-Niko-12.jpeg","type":"image\/jpeg"}],"twitter_card":"summary_large_image","twitter_misc":{"Est. reading time":"1 minute"},"schema":{"@context":"https:\/\/schema.org","@graph":[{"@type":"WebPage","@id":"https:\/\/ingenifab.com\/en\/produit\/pont-roulant-suspendu\/","url":"https:\/\/ingenifab.com\/en\/produit\/pont-roulant-suspendu\/","name":"PONT ROULANT SUSPENDU - Ingenifab","isPartOf":{"@id":"https:\/\/ingenifab.com\/en\/#website"},"primaryImageOfPage":{"@id":"https:\/\/ingenifab.com\/en\/produit\/pont-roulant-suspendu\/#primaryimage"},"image":{"@id":"https:\/\/ingenifab.com\/en\/produit\/pont-roulant-suspendu\/#primaryimage"},"thumbnailUrl":"https:\/\/ingenifab.com\/wp-content\/uploads\/2025\/11\/Ceiling-mounted-crane-Niko-Pont-suspendu-Niko-12.jpeg","datePublished":"2025-11-15T20:37:43+00:00","dateModified":"2025-11-15T20:59:13+00:00","breadcrumb":{"@id":"https:\/\/ingenifab.com\/en\/produit\/pont-roulant-suspendu\/#breadcrumb"},"inLanguage":"en-US","potentialAction":[{"@type":"ReadAction","target":["https:\/\/ingenifab.com\/en\/produit\/pont-roulant-suspendu\/"]}]},{"@type":"ImageObject","inLanguage":"en-US","@id":"https:\/\/ingenifab.com\/en\/produit\/pont-roulant-suspendu\/#primaryimage","url":"https:\/\/ingenifab.com\/wp-content\/uploads\/2025\/11\/Ceiling-mounted-crane-Niko-Pont-suspendu-Niko-12.jpeg","contentUrl":"https:\/\/ingenifab.com\/wp-content\/uploads\/2025\/11\/Ceiling-mounted-crane-Niko-Pont-suspendu-Niko-12.jpeg","width":2048,"height":1536},{"@type":"BreadcrumbList","@id":"https:\/\/ingenifab.com\/en\/produit\/pont-roulant-suspendu\/#breadcrumb","itemListElement":[{"@type":"ListItem","position":1,"name":"Accueil","item":"https:\/\/ingenifab.com\/en\/home\/"},{"@type":"ListItem","position":2,"name":"Boutique","item":"https:\/\/ingenifab.com\/?page_id=438"},{"@type":"ListItem","position":3,"name":"PONT ROULANT SUSPENDU"}]},{"@type":"WebSite","@id":"https:\/\/ingenifab.com\/en\/#website","url":"https:\/\/ingenifab.com\/en\/","name":"Ingenifab","description":"","potentialAction":[{"@type":"SearchAction","target":{"@type":"EntryPoint","urlTemplate":"https:\/\/ingenifab.com\/en\/?s={search_term_string}"},"query-input":{"@type":"PropertyValueSpecification","valueRequired":true,"valueName":"search_term_string"}}],"inLanguage":"en-US"}]}},"_links":{"self":[{"href":"https:\/\/ingenifab.com\/en\/wp-json\/wp\/v2\/product\/864","targetHints":{"allow":["GET"]}}],"collection":[{"href":"https:\/\/ingenifab.com\/en\/wp-json\/wp\/v2\/product"}],"about":[{"href":"https:\/\/ingenifab.com\/en\/wp-json\/wp\/v2\/types\/product"}],"wp:featuredmedia":[{"embeddable":true,"href":"https:\/\/ingenifab.com\/en\/wp-json\/wp\/v2\/media\/870"}],"wp:attachment":[{"href":"https:\/\/ingenifab.com\/en\/wp-json\/wp\/v2\/media?parent=864"}],"wp:term":[{"taxonomy":"product_brand","embeddable":true,"href":"https:\/\/ingenifab.com\/en\/wp-json\/wp\/v2\/product_brand?post=864"},{"taxonomy":"product_cat","embeddable":true,"href":"https:\/\/ingenifab.com\/en\/wp-json\/wp\/v2\/product_cat?post=864"},{"taxonomy":"product_tag","embeddable":true,"href":"https:\/\/ingenifab.com\/en\/wp-json\/wp\/v2\/product_tag?post=864"}],"curies":[{"name":"wp","href":"https:\/\/api.w.org\/{rel}","templated":true}]}}