{"id":878,"date":"2025-11-15T21:02:22","date_gmt":"2025-11-15T21:02:22","guid":{"rendered":"https:\/\/ingenifab.com\/?post_type=product&#038;p=878"},"modified":"2025-11-15T21:18:12","modified_gmt":"2025-11-15T21:18:12","slug":"pont-roulant-en-aluminium","status":"publish","type":"product","link":"https:\/\/ingenifab.com\/en\/produit\/pont-roulant-en-aluminium\/","title":{"rendered":"PONT ROULANT EN ALUMINIUM"},"content":{"rendered":"<div class=\"fusion-fullwidth fullwidth-box fusion-builder-row-1 fusion-flex-container nonhundred-percent-fullwidth non-hundred-percent-height-scrolling\" style=\"--awb-border-radius-top-left:0px;--awb-border-radius-top-right:0px;--awb-border-radius-bottom-right:0px;--awb-border-radius-bottom-left:0px;--awb-flex-wrap:wrap;\" ><div class=\"fusion-builder-row fusion-row fusion-flex-align-items-flex-start fusion-flex-content-wrap\" style=\"max-width:1248px;margin-left: calc(-4% \/ 2 );margin-right: calc(-4% \/ 2 );\"><div class=\"fusion-layout-column fusion_builder_column fusion-builder-column-0 fusion_builder_column_1_1 1_1 fusion-flex-column\" style=\"--awb-bg-blend:overlay;--awb-bg-size:cover;--awb-width-large:100%;--awb-margin-top-large:0px;--awb-spacing-right-large:1.92%;--awb-margin-bottom-large:0px;--awb-spacing-left-large:1.92%;--awb-width-medium:100%;--awb-spacing-right-medium:1.92%;--awb-spacing-left-medium:1.92%;--awb-width-small:100%;--awb-spacing-right-small:1.92%;--awb-spacing-left-small:1.92%;\"><div class=\"fusion-column-wrapper fusion-flex-justify-content-flex-start fusion-content-layout-column\"><div class=\"fusion-text fusion-text-1\"><div class=\"fusion-layout-column fusion_builder_column fusion-builder-column-1 fusion_builder_column_1_1 1_1 fusion-one-full fusion-column-first fusion-column-last\">\n<div class=\"fusion-layout-column fusion_builder_column fusion-builder-column-1 fusion_builder_column_1_1 1_1 fusion-one-full fusion-column-first fusion-column-last\">\n<div class=\"fusion-column-wrapper fusion-flex-column-wrapper-legacy\">\n<div class=\"fusion-text fusion-text-1\">\n<h1 class=\"fusion-responsive-typography-calculated\" data-fontsize=\"40\" data-lineheight=\"46.4px\">PONT ROULANT EN ALUMINIUM<\/h1>\n<\/div>\n<\/div>\n<\/div>\n<\/div>\n<div class=\"fusion-text fusion-text-2\">Les\u00a0ponts roulants en aluminium\u00a0sont\u00a0l\u2019option tout indiqu\u00e9e\u00a0pour la manutention de\u00a0charges l\u00e9g\u00e8res\u00a0dans\u00a0des cha\u00eenes de production ainsi que des postes d\u2019assemblage ou de fabrication\u00a0\u00e0 fr\u00e9quence \u00e9lev\u00e9e.\u00a0Leur\u00a0conception robuste et l\u00e9g\u00e8re\u00a0permet de d\u00e9placer des charges\u00a0tr\u00e8s facilement.<\/div>\n<h2><strong>Avantages du produit :<\/strong><\/h2>\n<ul>\n<li>Roulement plus silencieux<\/li>\n<li>Solution \u00e9conomique<\/li>\n<li>Syst\u00e8me l\u00e9ger et ergonomique<\/li>\n<li>Modulaire et adaptable (peut \u00eatre rallong\u00e9 ou d\u00e9plac\u00e9 facilement)<\/li>\n<li>Facile d\u2019installation<\/li>\n<li>5 capacit\u00e9s de rail<\/li>\n<\/ul>\n<h2><strong>Options :<\/strong><\/h2>\n<ul>\n<li>Structure autoportante ou suspendue<\/li>\n<li>Combinaison des voies de roulement et ponts avec des profil\u00e9s en acier<\/li>\n<\/ul>\n<h2><strong>Accessoires :<\/strong><\/h2>\n<ul>\n<li>Palan \u00e9lectrique ou pneumatique<\/li>\n<li>Tube de levage<\/li>\n<li>Palonnier \u00e0 ventouse de grande dimensions<\/li>\n<li>Aimant<\/li>\n<li>Poutre de levage<\/li>\n<\/ul>\n<h2><strong>Produits similaires :<\/strong><\/h2>\n<ul>\n<li>Pont roulant suspendu<\/li>\n<li>Pont roulant autoportant<\/li>\n<li>Pont roulant en acier inoxydable<\/li>\n<li>Monorail<\/li>\n<\/ul>\n<\/div><\/div><\/div><\/div><\/div>\n","protected":false},"excerpt":{"rendered":"","protected":false},"featured_media":880,"template":"","meta":{"inline_featured_image":false},"product_brand":[],"product_cat":[33],"product_tag":[],"class_list":{"0":"post-878","1":"product","2":"type-product","3":"status-publish","4":"has-post-thumbnail","6":"product_cat-pont-roulant","8":"first","9":"instock","10":"shipping-taxable","11":"product-type-external"},"yoast_head":"<!-- This site is optimized with the Yoast SEO plugin v26.6 - https:\/\/yoast.com\/wordpress\/plugins\/seo\/ -->\n<title>PONT ROULANT EN ALUMINIUM - Ingenifab<\/title>\n<meta name=\"robots\" content=\"index, follow, max-snippet:-1, max-image-preview:large, max-video-preview:-1\" \/>\n<link rel=\"canonical\" href=\"https:\/\/ingenifab.com\/en\/produit\/pont-roulant-en-aluminium\/\" \/>\n<meta property=\"og:locale\" content=\"en_US\" \/>\n<meta property=\"og:type\" content=\"article\" \/>\n<meta property=\"og:title\" content=\"PONT ROULANT EN ALUMINIUM - Ingenifab\" \/>\n<meta property=\"og:url\" content=\"https:\/\/ingenifab.com\/en\/produit\/pont-roulant-en-aluminium\/\" \/>\n<meta property=\"og:site_name\" content=\"Ingenifab\" \/>\n<meta property=\"article:modified_time\" content=\"2025-11-15T21:18:12+00:00\" \/>\n<meta property=\"og:image\" content=\"https:\/\/ingenifab.com\/wp-content\/uploads\/2025\/11\/aluminium_bridge_crane_smak-1024x364-1.jpg\" \/>\n\t<meta property=\"og:image:width\" content=\"1024\" \/>\n\t<meta property=\"og:image:height\" content=\"364\" \/>\n\t<meta property=\"og:image:type\" content=\"image\/jpeg\" \/>\n<meta name=\"twitter:card\" content=\"summary_large_image\" \/>\n<meta name=\"twitter:label1\" content=\"Est. reading time\" \/>\n\t<meta name=\"twitter:data1\" content=\"1 minute\" \/>\n<script type=\"application\/ld+json\" class=\"yoast-schema-graph\">{\"@context\":\"https:\/\/schema.org\",\"@graph\":[{\"@type\":\"WebPage\",\"@id\":\"https:\/\/ingenifab.com\/en\/produit\/pont-roulant-en-aluminium\/\",\"url\":\"https:\/\/ingenifab.com\/en\/produit\/pont-roulant-en-aluminium\/\",\"name\":\"PONT ROULANT EN ALUMINIUM - Ingenifab\",\"isPartOf\":{\"@id\":\"https:\/\/ingenifab.com\/en\/#website\"},\"primaryImageOfPage\":{\"@id\":\"https:\/\/ingenifab.com\/en\/produit\/pont-roulant-en-aluminium\/#primaryimage\"},\"image\":{\"@id\":\"https:\/\/ingenifab.com\/en\/produit\/pont-roulant-en-aluminium\/#primaryimage\"},\"thumbnailUrl\":\"https:\/\/ingenifab.com\/wp-content\/uploads\/2025\/11\/aluminium_bridge_crane_smak-1024x364-1.jpg\",\"datePublished\":\"2025-11-15T21:02:22+00:00\",\"dateModified\":\"2025-11-15T21:18:12+00:00\",\"breadcrumb\":{\"@id\":\"https:\/\/ingenifab.com\/en\/produit\/pont-roulant-en-aluminium\/#breadcrumb\"},\"inLanguage\":\"en-US\",\"potentialAction\":[{\"@type\":\"ReadAction\",\"target\":[\"https:\/\/ingenifab.com\/en\/produit\/pont-roulant-en-aluminium\/\"]}]},{\"@type\":\"ImageObject\",\"inLanguage\":\"en-US\",\"@id\":\"https:\/\/ingenifab.com\/en\/produit\/pont-roulant-en-aluminium\/#primaryimage\",\"url\":\"https:\/\/ingenifab.com\/wp-content\/uploads\/2025\/11\/aluminium_bridge_crane_smak-1024x364-1.jpg\",\"contentUrl\":\"https:\/\/ingenifab.com\/wp-content\/uploads\/2025\/11\/aluminium_bridge_crane_smak-1024x364-1.jpg\",\"width\":1024,\"height\":364},{\"@type\":\"BreadcrumbList\",\"@id\":\"https:\/\/ingenifab.com\/en\/produit\/pont-roulant-en-aluminium\/#breadcrumb\",\"itemListElement\":[{\"@type\":\"ListItem\",\"position\":1,\"name\":\"Accueil\",\"item\":\"https:\/\/ingenifab.com\/en\/home\/\"},{\"@type\":\"ListItem\",\"position\":2,\"name\":\"Boutique\",\"item\":\"https:\/\/ingenifab.com\/?page_id=438\"},{\"@type\":\"ListItem\",\"position\":3,\"name\":\"PONT ROULANT EN ALUMINIUM\"}]},{\"@type\":\"WebSite\",\"@id\":\"https:\/\/ingenifab.com\/en\/#website\",\"url\":\"https:\/\/ingenifab.com\/en\/\",\"name\":\"Ingenifab\",\"description\":\"\",\"potentialAction\":[{\"@type\":\"SearchAction\",\"target\":{\"@type\":\"EntryPoint\",\"urlTemplate\":\"https:\/\/ingenifab.com\/en\/?s={search_term_string}\"},\"query-input\":{\"@type\":\"PropertyValueSpecification\",\"valueRequired\":true,\"valueName\":\"search_term_string\"}}],\"inLanguage\":\"en-US\"}]}<\/script>\n<!-- \/ Yoast SEO plugin. -->","yoast_head_json":{"title":"PONT ROULANT EN ALUMINIUM - Ingenifab","robots":{"index":"index","follow":"follow","max-snippet":"max-snippet:-1","max-image-preview":"max-image-preview:large","max-video-preview":"max-video-preview:-1"},"canonical":"https:\/\/ingenifab.com\/en\/produit\/pont-roulant-en-aluminium\/","og_locale":"en_US","og_type":"article","og_title":"PONT ROULANT EN ALUMINIUM - Ingenifab","og_url":"https:\/\/ingenifab.com\/en\/produit\/pont-roulant-en-aluminium\/","og_site_name":"Ingenifab","article_modified_time":"2025-11-15T21:18:12+00:00","og_image":[{"width":1024,"height":364,"url":"https:\/\/ingenifab.com\/wp-content\/uploads\/2025\/11\/aluminium_bridge_crane_smak-1024x364-1.jpg","type":"image\/jpeg"}],"twitter_card":"summary_large_image","twitter_misc":{"Est. reading time":"1 minute"},"schema":{"@context":"https:\/\/schema.org","@graph":[{"@type":"WebPage","@id":"https:\/\/ingenifab.com\/en\/produit\/pont-roulant-en-aluminium\/","url":"https:\/\/ingenifab.com\/en\/produit\/pont-roulant-en-aluminium\/","name":"PONT ROULANT EN ALUMINIUM - Ingenifab","isPartOf":{"@id":"https:\/\/ingenifab.com\/en\/#website"},"primaryImageOfPage":{"@id":"https:\/\/ingenifab.com\/en\/produit\/pont-roulant-en-aluminium\/#primaryimage"},"image":{"@id":"https:\/\/ingenifab.com\/en\/produit\/pont-roulant-en-aluminium\/#primaryimage"},"thumbnailUrl":"https:\/\/ingenifab.com\/wp-content\/uploads\/2025\/11\/aluminium_bridge_crane_smak-1024x364-1.jpg","datePublished":"2025-11-15T21:02:22+00:00","dateModified":"2025-11-15T21:18:12+00:00","breadcrumb":{"@id":"https:\/\/ingenifab.com\/en\/produit\/pont-roulant-en-aluminium\/#breadcrumb"},"inLanguage":"en-US","potentialAction":[{"@type":"ReadAction","target":["https:\/\/ingenifab.com\/en\/produit\/pont-roulant-en-aluminium\/"]}]},{"@type":"ImageObject","inLanguage":"en-US","@id":"https:\/\/ingenifab.com\/en\/produit\/pont-roulant-en-aluminium\/#primaryimage","url":"https:\/\/ingenifab.com\/wp-content\/uploads\/2025\/11\/aluminium_bridge_crane_smak-1024x364-1.jpg","contentUrl":"https:\/\/ingenifab.com\/wp-content\/uploads\/2025\/11\/aluminium_bridge_crane_smak-1024x364-1.jpg","width":1024,"height":364},{"@type":"BreadcrumbList","@id":"https:\/\/ingenifab.com\/en\/produit\/pont-roulant-en-aluminium\/#breadcrumb","itemListElement":[{"@type":"ListItem","position":1,"name":"Accueil","item":"https:\/\/ingenifab.com\/en\/home\/"},{"@type":"ListItem","position":2,"name":"Boutique","item":"https:\/\/ingenifab.com\/?page_id=438"},{"@type":"ListItem","position":3,"name":"PONT ROULANT EN ALUMINIUM"}]},{"@type":"WebSite","@id":"https:\/\/ingenifab.com\/en\/#website","url":"https:\/\/ingenifab.com\/en\/","name":"Ingenifab","description":"","potentialAction":[{"@type":"SearchAction","target":{"@type":"EntryPoint","urlTemplate":"https:\/\/ingenifab.com\/en\/?s={search_term_string}"},"query-input":{"@type":"PropertyValueSpecification","valueRequired":true,"valueName":"search_term_string"}}],"inLanguage":"en-US"}]}},"_links":{"self":[{"href":"https:\/\/ingenifab.com\/en\/wp-json\/wp\/v2\/product\/878","targetHints":{"allow":["GET"]}}],"collection":[{"href":"https:\/\/ingenifab.com\/en\/wp-json\/wp\/v2\/product"}],"about":[{"href":"https:\/\/ingenifab.com\/en\/wp-json\/wp\/v2\/types\/product"}],"wp:featuredmedia":[{"embeddable":true,"href":"https:\/\/ingenifab.com\/en\/wp-json\/wp\/v2\/media\/880"}],"wp:attachment":[{"href":"https:\/\/ingenifab.com\/en\/wp-json\/wp\/v2\/media?parent=878"}],"wp:term":[{"taxonomy":"product_brand","embeddable":true,"href":"https:\/\/ingenifab.com\/en\/wp-json\/wp\/v2\/product_brand?post=878"},{"taxonomy":"product_cat","embeddable":true,"href":"https:\/\/ingenifab.com\/en\/wp-json\/wp\/v2\/product_cat?post=878"},{"taxonomy":"product_tag","embeddable":true,"href":"https:\/\/ingenifab.com\/en\/wp-json\/wp\/v2\/product_tag?post=878"}],"curies":[{"name":"wp","href":"https:\/\/api.w.org\/{rel}","templated":true}]}}