{"id":996,"date":"2025-11-24T18:18:35","date_gmt":"2025-11-24T18:18:35","guid":{"rendered":"https:\/\/ingenifab.com\/?post_type=product&#038;p=996"},"modified":"2025-11-24T18:37:10","modified_gmt":"2025-11-24T18:37:10","slug":"convoyeur-aerien-pour-ligne-de-peinture","status":"publish","type":"product","link":"https:\/\/ingenifab.com\/en\/produit\/convoyeur-aerien-pour-ligne-de-peinture\/","title":{"rendered":"CONVOYEUR A\u00c9RIEN POUR LIGNE DE PEINTURE"},"content":{"rendered":"<div class=\"fusion-fullwidth fullwidth-box fusion-builder-row-1 fusion-flex-container has-pattern-background has-mask-background nonhundred-percent-fullwidth non-hundred-percent-height-scrolling\" style=\"--awb-border-radius-top-left:0px;--awb-border-radius-top-right:0px;--awb-border-radius-bottom-right:0px;--awb-border-radius-bottom-left:0px;--awb-flex-wrap:wrap;\" ><div class=\"fusion-builder-row fusion-row fusion-flex-align-items-flex-start fusion-flex-content-wrap\" style=\"max-width:1248px;margin-left: calc(-4% \/ 2 );margin-right: calc(-4% \/ 2 );\"><div class=\"fusion-layout-column fusion_builder_column fusion-builder-column-0 fusion_builder_column_1_1 1_1 fusion-flex-column\" style=\"--awb-bg-size:cover;--awb-width-large:100%;--awb-margin-top-large:0px;--awb-spacing-right-large:1.92%;--awb-margin-bottom-large:0px;--awb-spacing-left-large:1.92%;--awb-width-medium:100%;--awb-order-medium:0;--awb-spacing-right-medium:1.92%;--awb-spacing-left-medium:1.92%;--awb-width-small:100%;--awb-order-small:0;--awb-spacing-right-small:1.92%;--awb-spacing-left-small:1.92%;\"><div class=\"fusion-column-wrapper fusion-column-has-shadow fusion-flex-justify-content-flex-start fusion-content-layout-column\"><div class=\"fusion-video fusion-youtube\" style=\"--awb-max-width:600px;--awb-max-height:350px;\"><div class=\"video-shortcode\"><div class=\"fluid-width-video-wrapper\" style=\"padding-top:58.33%;\" ><iframe title=\"YouTube video player 1\" src=\"https:\/\/www.youtube.com\/embed\/NnUBL9f76Z8?wmode=transparent&autoplay=0&amp;mute=1\" width=\"600\" height=\"350\" allowfullscreen allow=\"autoplay; clipboard-write; encrypted-media; gyroscope; picture-in-picture;\"><\/iframe><\/div><\/div><\/div><div class=\"fusion-text fusion-text-1\"><div class=\"fusion-layout-column fusion_builder_column fusion-builder-column-5 fusion_builder_column_1_1 1_1 fusion-one-full fusion-column-first fusion-column-last\">\n<div class=\"fusion-column-wrapper fusion-flex-column-wrapper-legacy\">\n<div class=\"fusion-text fusion-text-1\">\n<h1 class=\"fusion-responsive-typography-calculated\" data-fontsize=\"40\" data-lineheight=\"46.4px\">CONVOYEUR A\u00c9RIEN POUR LIGNE DE PEINTURE<\/h1>\n<\/div>\n<\/div>\n<\/div>\n<p class=\"s18\"><span class=\"s8\">Les convoyeurs\u00a0<\/span><span class=\"s8\">a\u00e9riens\u00a0<\/span><span class=\"s8\">en rail\u00a0<\/span><span class=\"s8\">Niko<\/span>\u00a0<span class=\"s8\">sont une solution flexible et \u00e9conomique pour des charges jusqu\u2019\u00e0\u00a0<\/span><span class=\"s8\">32<\/span><span class=\"s8\">00 kg<\/span><span class=\"s8\">\/ 7000 Lb<\/span><span class=\"s8\">.<\/span>\u00a0<span class=\"s8\">Ils sont id\u00e9aux pour les espaces restreints\u00a0<\/span><span class=\"s21\">ou pour<\/span>\u00a0<span class=\"s8\">et<\/span><span class=\"s8\">\u00a0une empreinte minimale au sol.<\/span><\/p>\n<p class=\"s18\"><span class=\"s8\">Ce type de convoyeur est le parfait produit permettant de passer d\u2019une ligne de peinture avec chariots au sol vers une ligne ergonomique sur rail. Il permet une production de type<\/span><span class=\"s8\">\u2019\u2019<\/span><span class=\"s8\">\u00a0batch<\/span><span class=\"s8\">\u2019\u2019<\/span>\u00a0<span class=\"s8\">ou en continue\u00a0<\/span><span class=\"s8\">avec les avantages du\u00a0<\/span><span class=\"s8\">\u2018\u2019<\/span><span class=\"s8\">power and free<\/span><span class=\"s8\">\u2019\u2019<\/span><span class=\"s8\">, soit de pouvoir\u00a0<\/span><span class=\"s8\">inclure des zones tampons,<\/span><span class=\"s8\">\u00a0des sections\u00a0<\/span><span class=\"s8\">de convoyeur\u00a0<\/span><span class=\"s8\">manuelles ou motoris\u00e9<\/span><span class=\"s8\">es.\u00a0<\/span><span class=\"s8\">L<\/span><span class=\"s8\">e convoyeur ergonomique permet de varier facilement le d\u00e9bit en ajoutant ou enlevant des travailleurs contrairement \u00e0 un syst\u00e8me de convoyeur continue o\u00f9 \u00e0 chaque poste un travailleur doit \u00eatre pr\u00e9sent afin de l\u2019utiliser.<\/span><\/p>\n<p class=\"s18\"><span class=\"s8\">Ce type de syst\u00e8me limite les contacts avec les pi\u00e8ces pour moins de retouches de peinture. Plusieurs pi\u00e8ces peuvent \u00eatre accroch\u00e9es sur la m\u00eame barre simultan\u00e9ment pour un rendement optimal. Il est possible d\u2019ajouter des zones d\u2019entreposage, pour le s\u00e9chage ou\u00a0<\/span><span class=\"s8\">pour garder des pi\u00e8ces accroch\u00e9es\u00a0<\/span><span class=\"s8\">en attendant qu\u2019elles soient utilis\u00e9es, ce qui permet de lib\u00e9rer le convoyeur. Le syst\u00e8me peut\u00a0<\/span><span class=\"s8\">\u00e9galement<\/span><span class=\"s8\">\u00a0acheminer les pi\u00e8ces peintes jusqu\u2019\u00e0 l\u2019assemblage.<\/span><\/p>\n<\/div><div class=\"fusion-video fusion-youtube\" style=\"--awb-max-width:600px;--awb-max-height:350px;\"><div class=\"video-shortcode\"><div class=\"fluid-width-video-wrapper\" style=\"padding-top:58.33%;\" ><iframe title=\"YouTube video player 2\" src=\"https:\/\/www.youtube.com\/embed\/wp2ZYJUkhK4?wmode=transparent&autoplay=0&amp;mute=1\" width=\"600\" height=\"350\" allowfullscreen allow=\"autoplay; clipboard-write; encrypted-media; gyroscope; picture-in-picture;\"><\/iframe><\/div><\/div><\/div><div class=\"fusion-video fusion-youtube\" style=\"--awb-max-width:600px;--awb-max-height:350px;\"><div class=\"video-shortcode\"><div class=\"fluid-width-video-wrapper\" style=\"padding-top:58.33%;\" ><iframe title=\"YouTube video player 3\" src=\"https:\/\/www.youtube.com\/embed\/tzcjjmGPrUE?wmode=transparent&autoplay=0&amp;mute=1\" width=\"600\" height=\"350\" allowfullscreen allow=\"autoplay; clipboard-write; encrypted-media; gyroscope; picture-in-picture;\"><\/iframe><\/div><\/div><\/div><div class=\"fusion-text fusion-text-2\"><div class=\"fusion-layout-column fusion_builder_column fusion-builder-column-5 fusion_builder_column_1_1 1_1 fusion-one-full fusion-column-first fusion-column-last\">\n<p><strong>Avantages du produit :<\/strong><\/p>\n<\/div>\n<ul>\n<li>Mouvement fluide<\/li>\n<li>Utilise peu d\u2019espace au sol<\/li>\n<li>Modulaire et adaptable (peut \u00eatre rallong\u00e9 ou d\u00e9plac\u00e9 facilement)<\/li>\n<li>Trajectoire de d\u00e9placement adapt\u00e9e au besoin<\/li>\n<li>Facile d\u2019entretien<\/li>\n<\/ul>\n<p><strong>Applications :<\/strong><\/p>\n<ul>\n<li>Motorisation<\/li>\n<li>Acier inoxydable<\/li>\n<li>Zones d\u2019entreposage<\/li>\n<li>Unit\u00e9 de levage<\/li>\n<li>Haute ou basse temp\u00e9rature<\/li>\n<li>Roulements scell\u00e9s<\/li>\n<li>Peinture approuv\u00e9e alimentaire (NSF-51)<\/li>\n<li>Automatisation<\/li>\n<\/ul>\n<p><strong>Accessoires :<\/strong><\/p>\n<ul>\n<li>Aiguillage pneumatique<\/li>\n<li>Aiguillage magn\u00e9tique<\/li>\n<li>Aiguillage manuel<\/li>\n<li>Table rotative<\/li>\n<\/ul>\n<\/div><\/div><\/div><\/div><\/div>\n","protected":false},"excerpt":{"rendered":"","protected":false},"featured_media":1016,"template":"","meta":{"inline_featured_image":false},"product_brand":[],"product_cat":[37],"product_tag":[],"class_list":{"0":"post-996","1":"product","2":"type-product","3":"status-publish","4":"has-post-thumbnail","6":"product_cat-convoyeur-aerien","8":"first","9":"instock","10":"shipping-taxable","11":"product-type-external"},"yoast_head":"<!-- This site is optimized with the Yoast SEO plugin v26.6 - https:\/\/yoast.com\/wordpress\/plugins\/seo\/ -->\n<title>CONVOYEUR A\u00c9RIEN POUR LIGNE DE PEINTURE - Ingenifab<\/title>\n<meta name=\"robots\" content=\"index, follow, max-snippet:-1, max-image-preview:large, max-video-preview:-1\" \/>\n<link rel=\"canonical\" href=\"https:\/\/ingenifab.com\/en\/produit\/convoyeur-aerien-pour-ligne-de-peinture\/\" \/>\n<meta property=\"og:locale\" content=\"en_US\" \/>\n<meta property=\"og:type\" content=\"article\" \/>\n<meta property=\"og:title\" content=\"CONVOYEUR A\u00c9RIEN POUR LIGNE DE PEINTURE - Ingenifab\" \/>\n<meta property=\"og:url\" content=\"https:\/\/ingenifab.com\/en\/produit\/convoyeur-aerien-pour-ligne-de-peinture\/\" \/>\n<meta property=\"og:site_name\" content=\"Ingenifab\" \/>\n<meta property=\"article:modified_time\" content=\"2025-11-24T18:37:10+00:00\" \/>\n<meta property=\"og:image\" content=\"https:\/\/ingenifab.com\/wp-content\/uploads\/2025\/11\/smak-overhead-conveyor-painting-line.jpeg\" \/>\n\t<meta property=\"og:image:width\" content=\"2048\" \/>\n\t<meta property=\"og:image:height\" content=\"1536\" \/>\n\t<meta property=\"og:image:type\" content=\"image\/jpeg\" \/>\n<meta name=\"twitter:card\" content=\"summary_large_image\" \/>\n<meta name=\"twitter:label1\" content=\"Est. reading time\" \/>\n\t<meta name=\"twitter:data1\" content=\"2 minutes\" \/>\n<script type=\"application\/ld+json\" class=\"yoast-schema-graph\">{\"@context\":\"https:\/\/schema.org\",\"@graph\":[{\"@type\":\"WebPage\",\"@id\":\"https:\/\/ingenifab.com\/en\/produit\/convoyeur-aerien-pour-ligne-de-peinture\/\",\"url\":\"https:\/\/ingenifab.com\/en\/produit\/convoyeur-aerien-pour-ligne-de-peinture\/\",\"name\":\"CONVOYEUR A\u00c9RIEN POUR LIGNE DE PEINTURE - Ingenifab\",\"isPartOf\":{\"@id\":\"https:\/\/ingenifab.com\/en\/#website\"},\"primaryImageOfPage\":{\"@id\":\"https:\/\/ingenifab.com\/en\/produit\/convoyeur-aerien-pour-ligne-de-peinture\/#primaryimage\"},\"image\":{\"@id\":\"https:\/\/ingenifab.com\/en\/produit\/convoyeur-aerien-pour-ligne-de-peinture\/#primaryimage\"},\"thumbnailUrl\":\"https:\/\/ingenifab.com\/wp-content\/uploads\/2025\/11\/smak-overhead-conveyor-painting-line.jpeg\",\"datePublished\":\"2025-11-24T18:18:35+00:00\",\"dateModified\":\"2025-11-24T18:37:10+00:00\",\"breadcrumb\":{\"@id\":\"https:\/\/ingenifab.com\/en\/produit\/convoyeur-aerien-pour-ligne-de-peinture\/#breadcrumb\"},\"inLanguage\":\"en-US\",\"potentialAction\":[{\"@type\":\"ReadAction\",\"target\":[\"https:\/\/ingenifab.com\/en\/produit\/convoyeur-aerien-pour-ligne-de-peinture\/\"]}]},{\"@type\":\"ImageObject\",\"inLanguage\":\"en-US\",\"@id\":\"https:\/\/ingenifab.com\/en\/produit\/convoyeur-aerien-pour-ligne-de-peinture\/#primaryimage\",\"url\":\"https:\/\/ingenifab.com\/wp-content\/uploads\/2025\/11\/smak-overhead-conveyor-painting-line.jpeg\",\"contentUrl\":\"https:\/\/ingenifab.com\/wp-content\/uploads\/2025\/11\/smak-overhead-conveyor-painting-line.jpeg\",\"width\":2048,\"height\":1536},{\"@type\":\"BreadcrumbList\",\"@id\":\"https:\/\/ingenifab.com\/en\/produit\/convoyeur-aerien-pour-ligne-de-peinture\/#breadcrumb\",\"itemListElement\":[{\"@type\":\"ListItem\",\"position\":1,\"name\":\"Accueil\",\"item\":\"https:\/\/ingenifab.com\/en\/home\/\"},{\"@type\":\"ListItem\",\"position\":2,\"name\":\"Boutique\",\"item\":\"https:\/\/ingenifab.com\/?page_id=438\"},{\"@type\":\"ListItem\",\"position\":3,\"name\":\"CONVOYEUR A\u00c9RIEN POUR LIGNE DE PEINTURE\"}]},{\"@type\":\"WebSite\",\"@id\":\"https:\/\/ingenifab.com\/en\/#website\",\"url\":\"https:\/\/ingenifab.com\/en\/\",\"name\":\"Ingenifab\",\"description\":\"\",\"potentialAction\":[{\"@type\":\"SearchAction\",\"target\":{\"@type\":\"EntryPoint\",\"urlTemplate\":\"https:\/\/ingenifab.com\/en\/?s={search_term_string}\"},\"query-input\":{\"@type\":\"PropertyValueSpecification\",\"valueRequired\":true,\"valueName\":\"search_term_string\"}}],\"inLanguage\":\"en-US\"}]}<\/script>\n<!-- \/ Yoast SEO plugin. -->","yoast_head_json":{"title":"CONVOYEUR A\u00c9RIEN POUR LIGNE DE PEINTURE - Ingenifab","robots":{"index":"index","follow":"follow","max-snippet":"max-snippet:-1","max-image-preview":"max-image-preview:large","max-video-preview":"max-video-preview:-1"},"canonical":"https:\/\/ingenifab.com\/en\/produit\/convoyeur-aerien-pour-ligne-de-peinture\/","og_locale":"en_US","og_type":"article","og_title":"CONVOYEUR A\u00c9RIEN POUR LIGNE DE PEINTURE - Ingenifab","og_url":"https:\/\/ingenifab.com\/en\/produit\/convoyeur-aerien-pour-ligne-de-peinture\/","og_site_name":"Ingenifab","article_modified_time":"2025-11-24T18:37:10+00:00","og_image":[{"width":2048,"height":1536,"url":"https:\/\/ingenifab.com\/wp-content\/uploads\/2025\/11\/smak-overhead-conveyor-painting-line.jpeg","type":"image\/jpeg"}],"twitter_card":"summary_large_image","twitter_misc":{"Est. reading time":"2 minutes"},"schema":{"@context":"https:\/\/schema.org","@graph":[{"@type":"WebPage","@id":"https:\/\/ingenifab.com\/en\/produit\/convoyeur-aerien-pour-ligne-de-peinture\/","url":"https:\/\/ingenifab.com\/en\/produit\/convoyeur-aerien-pour-ligne-de-peinture\/","name":"CONVOYEUR A\u00c9RIEN POUR LIGNE DE PEINTURE - Ingenifab","isPartOf":{"@id":"https:\/\/ingenifab.com\/en\/#website"},"primaryImageOfPage":{"@id":"https:\/\/ingenifab.com\/en\/produit\/convoyeur-aerien-pour-ligne-de-peinture\/#primaryimage"},"image":{"@id":"https:\/\/ingenifab.com\/en\/produit\/convoyeur-aerien-pour-ligne-de-peinture\/#primaryimage"},"thumbnailUrl":"https:\/\/ingenifab.com\/wp-content\/uploads\/2025\/11\/smak-overhead-conveyor-painting-line.jpeg","datePublished":"2025-11-24T18:18:35+00:00","dateModified":"2025-11-24T18:37:10+00:00","breadcrumb":{"@id":"https:\/\/ingenifab.com\/en\/produit\/convoyeur-aerien-pour-ligne-de-peinture\/#breadcrumb"},"inLanguage":"en-US","potentialAction":[{"@type":"ReadAction","target":["https:\/\/ingenifab.com\/en\/produit\/convoyeur-aerien-pour-ligne-de-peinture\/"]}]},{"@type":"ImageObject","inLanguage":"en-US","@id":"https:\/\/ingenifab.com\/en\/produit\/convoyeur-aerien-pour-ligne-de-peinture\/#primaryimage","url":"https:\/\/ingenifab.com\/wp-content\/uploads\/2025\/11\/smak-overhead-conveyor-painting-line.jpeg","contentUrl":"https:\/\/ingenifab.com\/wp-content\/uploads\/2025\/11\/smak-overhead-conveyor-painting-line.jpeg","width":2048,"height":1536},{"@type":"BreadcrumbList","@id":"https:\/\/ingenifab.com\/en\/produit\/convoyeur-aerien-pour-ligne-de-peinture\/#breadcrumb","itemListElement":[{"@type":"ListItem","position":1,"name":"Accueil","item":"https:\/\/ingenifab.com\/en\/home\/"},{"@type":"ListItem","position":2,"name":"Boutique","item":"https:\/\/ingenifab.com\/?page_id=438"},{"@type":"ListItem","position":3,"name":"CONVOYEUR A\u00c9RIEN POUR LIGNE DE PEINTURE"}]},{"@type":"WebSite","@id":"https:\/\/ingenifab.com\/en\/#website","url":"https:\/\/ingenifab.com\/en\/","name":"Ingenifab","description":"","potentialAction":[{"@type":"SearchAction","target":{"@type":"EntryPoint","urlTemplate":"https:\/\/ingenifab.com\/en\/?s={search_term_string}"},"query-input":{"@type":"PropertyValueSpecification","valueRequired":true,"valueName":"search_term_string"}}],"inLanguage":"en-US"}]}},"_links":{"self":[{"href":"https:\/\/ingenifab.com\/en\/wp-json\/wp\/v2\/product\/996","targetHints":{"allow":["GET"]}}],"collection":[{"href":"https:\/\/ingenifab.com\/en\/wp-json\/wp\/v2\/product"}],"about":[{"href":"https:\/\/ingenifab.com\/en\/wp-json\/wp\/v2\/types\/product"}],"wp:featuredmedia":[{"embeddable":true,"href":"https:\/\/ingenifab.com\/en\/wp-json\/wp\/v2\/media\/1016"}],"wp:attachment":[{"href":"https:\/\/ingenifab.com\/en\/wp-json\/wp\/v2\/media?parent=996"}],"wp:term":[{"taxonomy":"product_brand","embeddable":true,"href":"https:\/\/ingenifab.com\/en\/wp-json\/wp\/v2\/product_brand?post=996"},{"taxonomy":"product_cat","embeddable":true,"href":"https:\/\/ingenifab.com\/en\/wp-json\/wp\/v2\/product_cat?post=996"},{"taxonomy":"product_tag","embeddable":true,"href":"https:\/\/ingenifab.com\/en\/wp-json\/wp\/v2\/product_tag?post=996"}],"curies":[{"name":"wp","href":"https:\/\/api.w.org\/{rel}","templated":true}]}}